{"id":6,"date":"2023-12-04T07:47:12","date_gmt":"2023-12-04T06:47:12","guid":{"rendered":"http:\/\/happyflow.ovh\/?page_id=6"},"modified":"2023-12-04T07:47:12","modified_gmt":"2023-12-04T06:47:12","slug":"politique-de-confidentialite-permis-bateau-cotier","status":"publish","type":"page","link":"https:\/\/happyflow.ovh\/index.php\/politique-de-confidentialite-permis-bateau-cotier\/","title":{"rendered":"Politique de confidentialit\u00e9 &#8211; Permis Bateau C\u00f4tier"},"content":{"rendered":"\t\t<div data-elementor-type=\"wp-page\" data-elementor-id=\"6\" class=\"elementor elementor-6\">\n\t\t\t\t<div class=\"elementor-element elementor-element-e70f1f4 e-flex e-con-boxed e-con e-parent\" data-id=\"e70f1f4\" data-element_type=\"container\" data-e-type=\"container\">\n\t\t\t\t\t<div class=\"e-con-inner\">\n\t\t\t\t<div class=\"elementor-element elementor-element-782ca90 elementor-widget elementor-widget-heading\" data-id=\"782ca90\" data-element_type=\"widget\" data-e-type=\"widget\" data-widget_type=\"heading.default\">\n\t\t\t\t<div class=\"elementor-widget-container\">\n\t\t\t\t\t<h1 class=\"elementor-heading-title elementor-size-default\">Politique de confidentialit\u00e9 - Permis Bateau c\u00f4tier<\/h1>\t\t\t\t<\/div>\n\t\t\t\t<\/div>\n\t\t\t\t\t<\/div>\n\t\t\t\t<\/div>\n\t\t<div class=\"elementor-element elementor-element-bc980ab e-flex e-con-boxed e-con e-parent\" data-id=\"bc980ab\" data-element_type=\"container\" data-e-type=\"container\">\n\t\t\t\t\t<div class=\"e-con-inner\">\n\t\t\t\t<div class=\"elementor-element elementor-element-3f68468 elementor-widget elementor-widget-text-editor\" data-id=\"3f68468\" data-element_type=\"widget\" data-e-type=\"widget\" data-widget_type=\"text-editor.default\">\n\t\t\t\t<div class=\"elementor-widget-container\">\n\t\t\t\t\t\t\t\t\t<p>\u00a0<\/p><h2>1. Introduction<\/h2><p>Bienvenue chez Happyflow (\u00ab\u00a0nous\u00a0\u00bb, \u00ab\u00a0notre\u00a0\u00bb ou \u00ab\u00a0nos\u00a0\u00bb). Cette politique de confidentialit\u00e9 explique comment nous utilisons les donn\u00e9es personnelles collect\u00e9es aupr\u00e8s des utilisateurs (\u00ab\u00a0vous\u00a0\u00bb) de notre application de r\u00e9vision du permis bateau c\u00f4tier. Cette application est con\u00e7ue pour les utilisateurs de plus de 16 ans et ne cible pas les enfants de moins de 13 ans.<\/p><p>\u00a0<\/p><h2>2. Collecte des Donn\u00e9es Personnelles<\/h2><p>Nous collectons les donn\u00e9es personnelles suivantes :<\/p><p>Adresse e-mail : Utilis\u00e9e pour s\u00e9curiser votre connexion \u00e0 l&rsquo;application.<br \/>Nom : Utilis\u00e9 uniquement pour la personnalisation de votre page de profil.<br \/>3. Utilisation des Donn\u00e9es<br \/>Vos donn\u00e9es personnelles sont utilis\u00e9es aux fins suivantes :<\/p><p>\u00a0<\/p><h2>S\u00e9curiser l&rsquo;acc\u00e8s \u00e0 l&rsquo;application.<\/h2><p>Assister dans la v\u00e9rification et le d\u00e9pannage par le d\u00e9veloppeur en cas de probl\u00e8me technique ou de s\u00e9curit\u00e9.<br \/>4. Non-utilisation des Donn\u00e9es<br \/>Nous nous engageons \u00e0 ne pas utiliser vos donn\u00e9es personnelles pour :<\/p><p>Des fins publicitaires.<br \/>La vente \u00e0 des tiers.<br \/>Tout autre usage non mentionn\u00e9 dans cette politique.<br \/>5. S\u00e9curit\u00e9 des Donn\u00e9es<br \/>Nous prenons la s\u00e9curit\u00e9 de vos donn\u00e9es personnelles tr\u00e8s au s\u00e9rieux et mettons en \u0153uvre des mesures techniques et organisationnelles appropri\u00e9es pour prot\u00e9ger vos donn\u00e9es contre l&rsquo;acc\u00e8s non autoris\u00e9, la modification, la divulgation ou la destruction.<\/p><p>\u00a0<\/p><h2>6. Vos Droits<\/h2><p>Vous avez le droit de demander l&rsquo;acc\u00e8s, la rectification, la suppression ou la limitation du traitement de vos donn\u00e9es personnelles. Pour exercer ces droits, veuillez nous contacter \u00e0 l&rsquo;adresse suivante : [Ins\u00e9rer l&rsquo;adresse e-mail du d\u00e9veloppeur].<\/p><p>\u00a0<\/p><h2>7. Modifications de cette Politique<\/h2><p>Nous pouvons modifier cette politique de confidentialit\u00e9 \u00e0 tout moment. Toute modification sera effective imm\u00e9diatement apr\u00e8s sa publication sur cette page.<\/p><p>\u00a0<\/p><h2>8. Contact<\/h2><p>Si vous avez des questions ou des pr\u00e9occupations concernant notre politique de confidentialit\u00e9, veuillez nous contacter \u00e0 permiscotier.app[arobase]gmail.com<\/p><p>\u00a0<\/p>\t\t\t\t\t\t\t\t<\/div>\n\t\t\t\t<\/div>\n\t\t\t\t\t<\/div>\n\t\t\t\t<\/div>\n\t\t\t\t<\/div>\n\t\t","protected":false},"excerpt":{"rendered":"<p>Politique de confidentialit\u00e9 &#8211; Permis Bateau c\u00f4tier \u00a0 1. Introduction Bienvenue chez Happyflow (\u00ab\u00a0nous\u00a0\u00bb, \u00ab\u00a0notre\u00a0\u00bb ou \u00ab\u00a0nos\u00a0\u00bb). Cette politique de confidentialit\u00e9 explique comment nous utilisons les donn\u00e9es personnelles collect\u00e9es aupr\u00e8s des utilisateurs (\u00ab\u00a0vous\u00a0\u00bb) de notre application de r\u00e9vision du permis bateau c\u00f4tier. Cette application est con\u00e7ue pour les utilisateurs de plus de 16 ans et [&hellip;]<\/p>\n","protected":false},"author":1,"featured_media":0,"parent":0,"menu_order":0,"comment_status":"closed","ping_status":"closed","template":"","meta":{"site-sidebar-layout":"no-sidebar","site-content-layout":"","ast-site-content-layout":"full-width-container","site-content-style":"default","site-sidebar-style":"default","ast-global-header-display":"","ast-banner-title-visibility":"","ast-main-header-display":"","ast-hfb-above-header-display":"","ast-hfb-below-header-display":"","ast-hfb-mobile-header-display":"","site-post-title":"disabled","ast-breadcrumbs-content":"","ast-featured-img":"disabled","footer-sml-layout":"","theme-transparent-header-meta":"","adv-header-id-meta":"","stick-header-meta":"","header-above-stick-meta":"","header-main-stick-meta":"","header-below-stick-meta":"","astra-migrate-meta-layouts":"default","ast-page-background-enabled":"default","ast-page-background-meta":{"desktop":{"background-color":"var(--ast-global-color-4)","background-image":"","background-repeat":"repeat","background-position":"center center","background-size":"auto","background-attachment":"scroll","background-type":"","background-media":"","overlay-type":"","overlay-color":"","overlay-opacity":"","overlay-gradient":""},"tablet":{"background-color":"","background-image":"","background-repeat":"repeat","background-position":"center center","background-size":"auto","background-attachment":"scroll","background-type":"","background-media":"","overlay-type":"","overlay-color":"","overlay-opacity":"","overlay-gradient":""},"mobile":{"background-color":"","background-image":"","background-repeat":"repeat","background-position":"center center","background-size":"auto","background-attachment":"scroll","background-type":"","background-media":"","overlay-type":"","overlay-color":"","overlay-opacity":"","overlay-gradient":""}},"ast-content-background-meta":{"desktop":{"background-color":"var(--ast-global-color-5)","background-image":"","background-repeat":"repeat","background-position":"center center","background-size":"auto","background-attachment":"scroll","background-type":"","background-media":"","overlay-type":"","overlay-color":"","overlay-opacity":"","overlay-gradient":""},"tablet":{"background-color":"var(--ast-global-color-5)","background-image":"","background-repeat":"repeat","background-position":"center center","background-size":"auto","background-attachment":"scroll","background-type":"","background-media":"","overlay-type":"","overlay-color":"","overlay-opacity":"","overlay-gradient":""},"mobile":{"background-color":"var(--ast-global-color-5)","background-image":"","background-repeat":"repeat","background-position":"center center","background-size":"auto","background-attachment":"scroll","background-type":"","background-media":"","overlay-type":"","overlay-color":"","overlay-opacity":"","overlay-gradient":""}},"footnotes":""},"class_list":["post-6","page","type-page","status-publish","hentry"],"_links":{"self":[{"href":"https:\/\/happyflow.ovh\/index.php\/wp-json\/wp\/v2\/pages\/6","targetHints":{"allow":["GET"]}}],"collection":[{"href":"https:\/\/happyflow.ovh\/index.php\/wp-json\/wp\/v2\/pages"}],"about":[{"href":"https:\/\/happyflow.ovh\/index.php\/wp-json\/wp\/v2\/types\/page"}],"author":[{"embeddable":true,"href":"https:\/\/happyflow.ovh\/index.php\/wp-json\/wp\/v2\/users\/1"}],"replies":[{"embeddable":true,"href":"https:\/\/happyflow.ovh\/index.php\/wp-json\/wp\/v2\/comments?post=6"}],"version-history":[{"count":12,"href":"https:\/\/happyflow.ovh\/index.php\/wp-json\/wp\/v2\/pages\/6\/revisions"}],"predecessor-version":[{"id":22,"href":"https:\/\/happyflow.ovh\/index.php\/wp-json\/wp\/v2\/pages\/6\/revisions\/22"}],"wp:attachment":[{"href":"https:\/\/happyflow.ovh\/index.php\/wp-json\/wp\/v2\/media?parent=6"}],"curies":[{"name":"wp","href":"https:\/\/api.w.org\/{rel}","templated":true}]}}